{"id":103,"date":"2014-01-05T03:59:02","date_gmt":"2014-01-05T03:59:02","guid":{"rendered":"http:\/\/oxy-theme.com\/wp\/oxy\/?page_id=103"},"modified":"2024-04-07T15:27:31","modified_gmt":"2024-04-07T15:27:31","slug":"home","status":"publish","type":"page","link":"https:\/\/zamparfarma.com.br\/Site\/","title":{"rendered":"Home"},"content":{"rendered":"<p>[vc_row][vc_column][vc_column_text]\n\t\t<!-- MasterSlider -->\n\t\t<div id=\"P_MS69fc77a05ad8a\" class=\"master-slider-parent ms-parent-id-2\"  >\n\n\t\t\t\n\t\t\t<!-- MasterSlider Main -->\n\t\t\t<div id=\"MS69fc77a05ad8a\" class=\"master-slider ms-skin-light-3\" >\n\t\t\t\t \t\t\t\t \n\t\t\t<div  class=\"ms-slide\" data-delay=\"4\" data-fill-mode=\"fill\"  >\n\t\t\t\t\t<img src=\"https:\/\/zamparfarma.com.br\/Site\/wp-content\/plugins\/masterslider\/public\/assets\/css\/blank.gif\" alt=\"\" title=\"\" data-src=\"https:\/\/zamparfarma.com.br\/Site\/wp-content\/uploads\/2016\/06\/chiro-7g-02-slider-2-930x350.jpg\" \/>\n\n\t\t\t\t\t<div  class=\"ms-layer  msp-cn-2-15\" style=\"\"   data-effect=\"t(true,150,n,n,n,n,n,n,n,n,n,n,n,n,n)\" data-duration=\"1637\" data-delay=\"1387\" data-ease=\"easeOutExpo\"                data-offset-x=\"0\" data-offset-y=\"176\" data-origin=\"tl\" data-position=\"normal\" >\n\u00c9 MUITO IMPORTANTE...<\/div>\n\n\t\t\t\t\t<div  class=\"ms-layer  msp-cn-2-1\" style=\"\"   data-effect=\"t(true,n,-250,n,n,n,n,n,n,n,n,-25,n,n,n)\" data-duration=\"3000\"  data-ease=\"easeOutBack\"                data-offset-x=\"-332\" data-offset-y=\"-32\" data-origin=\"mc\" data-position=\"normal\" >\nSUA SA\u00daDE...<\/div>\n\n\n\t\t\t\t<\/div>\n\t\t\t<div  class=\"ms-slide\" data-delay=\"4\" data-fill-mode=\"fill\"  >\n\t\t\t\t\t<img src=\"https:\/\/zamparfarma.com.br\/Site\/wp-content\/plugins\/masterslider\/public\/assets\/css\/blank.gif\" alt=\"\" title=\"\" data-src=\"https:\/\/zamparfarma.com.br\/Site\/wp-content\/uploads\/2016\/06\/bg.slider-medicare.png\" \/>\n\n\t\t\t\t\t<div  class=\"ms-layer  msp-cn-9-10\" style=\"\"   data-effect=\"t(true,n,n,n,n,n,n,n,1.5,1.5,n,n,n,n,n)\"  data-delay=\"1312\" data-ease=\"easeOutBack\"                data-offset-x=\"-18\" data-offset-y=\"69\" data-origin=\"tl\" data-position=\"normal\" >\nQUALIDADE<\/div>\n\n\t\t\t\t\t<div  class=\"ms-layer  msp-cn-172-14\" style=\"\"   data-effect=\"t(true,n,n,n,n,n,n,n,1.5,1.5,n,n,n,n,n)\"  data-delay=\"1525\" data-ease=\"easeOutBack\"                data-offset-x=\"-18\" data-offset-y=\"129\" data-origin=\"tl\" data-position=\"normal\" >\nDE VIDA<\/div>\n\n\t\t\t\t\t<div  class=\"ms-layer  msp-cn-2-17\" style=\"\"    data-duration=\"837\" data-delay=\"1962\" data-ease=\"easeOutQuint\"                data-offset-x=\"0\" data-offset-y=\"209\" data-origin=\"tl\" data-position=\"normal\" >\n\u00c9 O QUE PROCURAMOS...<\/div>\n\n\n\t\t\t\t<\/div>\n\t\t\t<div  class=\"ms-slide\" data-delay=\"4\" data-fill-mode=\"fill\"  >\n\t\t\t\t\t<img src=\"https:\/\/zamparfarma.com.br\/Site\/wp-content\/plugins\/masterslider\/public\/assets\/css\/blank.gif\" alt=\"\" title=\"\" data-src=\"https:\/\/zamparfarma.com.br\/Site\/wp-content\/uploads\/2016\/06\/oldcouple_slider-1110x406-930x350.jpg\" \/>\n\n\t\t\t\t\t<div  class=\"ms-layer  msp-cn-2-20\" style=\"\"   data-effect=\"t(true,150,n,n,n,n,n,n,n,n,n,n,n,n,n)\" data-duration=\"1450\" data-delay=\"1387\" data-ease=\"easeOutExpo\"                data-offset-x=\"268\" data-offset-y=\"281\" data-origin=\"tl\" data-position=\"normal\" >\nDOS MOMENTOS FELIZES POR MAIS TEMPO.<\/div>\n\n\t\t\t\t\t<div  class=\"ms-layer  msp-cn-2-19\" style=\"\"   data-effect=\"t(true,n,n,-500,n,n,n,n,n,n,n,n,n,n,n)\" data-duration=\"2825\"  data-ease=\"easeOutExpo\"                data-offset-x=\"10\" data-offset-y=\"11\" data-origin=\"tl\" data-position=\"normal\" >\nPARA QUE POSSAMOS DESFRUTAR...<\/div>\n\n\n\t\t\t\t<\/div>\n\t\t\t<div  class=\"ms-slide\" data-delay=\"4\" data-fill-mode=\"fill\"  >\n\t\t\t\t\t<img src=\"https:\/\/zamparfarma.com.br\/Site\/wp-content\/plugins\/masterslider\/public\/assets\/css\/blank.gif\" alt=\"\" title=\"\" data-src=\"https:\/\/zamparfarma.com.br\/Site\/wp-content\/uploads\/2016\/07\/good-health-930x350.jpg\" \/>\n\n\t\t\t\t\t<div  class=\"ms-layer  msp-cn-2-22\" style=\"\"   data-effect=\"t(true,n,n,-500,n,n,n,n,n,n,n,n,n,n,n)\" data-duration=\"1837\" data-delay=\"2137\" data-ease=\"easeOutExpo\"                data-offset-x=\"28\" data-offset-y=\"244\" data-origin=\"tl\" data-position=\"normal\" >\nDESEJA PARA VOC\u00ca!<\/div>\n\n\t\t\t\t\t<img  class=\"ms-layer\" src=\"https:\/\/zamparfarma.com.br\/Site\/wp-content\/plugins\/masterslider\/public\/assets\/css\/blank.gif\" data-src=\"https:\/\/zamparfarma.com.br\/Site\/wp-content\/uploads\/2016\/06\/LOGO-TOPO-e1468097944903.jpg\" alt=\"\" style=\"\"   data-duration=\"1350\" data-delay=\"1837\" data-ease=\"easeOutQuint\"        data-type=\"image\"         data-offset-x=\"29\" data-offset-y=\"169\" data-origin=\"tl\" data-position=\"normal\" \/>\n\n\t\t\t\t\t<div  class=\"ms-layer  msp-cn-2-25\" style=\"\"   data-effect=\"t(true,n,n,-500,n,n,n,n,n,n,n,n,n,n,n)\" data-duration=\"2787\"  data-ease=\"easeOutExpo\"                data-offset-x=\"25\" data-offset-y=\"106\" data-origin=\"tl\" data-position=\"normal\" >\n\u00c9 EXATAMENTE ISSO QUE A<\/div>\n\n\n\t\t\t\t<\/div>\n\n\t\t\t<\/div>\n\t\t\t<!-- END MasterSlider Main -->\n\n\t\t\t \n\t\t<\/div>\n\t\t<!-- END MasterSlider -->\n\n\t\t<script>\n\t\t( window.MSReady = window.MSReady || [] ).push( function( $ ) {\n\n\t\t\t\"use strict\";\n\t\t\tvar masterslider_ad8a = new MasterSlider();\n\n\t\t\t\/\/ slider controls\n\t\t\tmasterslider_ad8a.control('arrows'     ,{ autohide:true, overVideo:true  });\n\t\t\tmasterslider_ad8a.control('bullets'    ,{ autohide:true, overVideo:true, dir:'h', align:'bottom', space:5 , margin:10  });\n\t\t\tmasterslider_ad8a.control('circletimer',{ autohide:false, overVideo:true, color:'#272727', radius:10, stroke:2   });\n\t\t\tmasterslider_ad8a.control('timebar'    ,{ autohide:false, overVideo:true, align:'bottom', color:'#4c4c4c'  , width:2 });\n\t\t\t\/\/ slider setup\n\t\t\tmasterslider_ad8a.setup(\"MS69fc77a05ad8a\", {\n\t\t\t\twidth           : 930,\n\t\t\t\theight          : 350,\n\t\t\t\tminHeight       : 0,\n\t\t\t\tspace           : 0,\n\t\t\t\tstart           : 1,\n\t\t\t\tgrabCursor      : true,\n\t\t\t\tswipe           : true,\n\t\t\t\tmouse           : true,\n\t\t\t\tkeyboard        : false,\n\t\t\t\tlayout          : \"fullwidth\",\n\t\t\t\twheel           : false,\n\t\t\t\tautoplay        : true,\n\t\t\t\tinstantStartLayers:false,\n\t\t\t\tloop            : true,\n\t\t\t\tshuffle         : false,\n\t\t\t\tpreload         : 2,\n\t\t\t\theightLimit     : true,\n\t\t\t\tautoHeight      : false,\n\t\t\t\tsmoothHeight    : true,\n\t\t\t\tendPause        : false,\n\t\t\t\toverPause       : false,\n\t\t\t\tfillMode        : \"fill\",\n\t\t\t\tcenterControls  : false,\n\t\t\t\tstartOnAppear   : false,\n\t\t\t\tlayersMode      : \"center\",\n\t\t\t\tautofillTarget  : \"\",\n\t\t\t\thideLayers      : false,\n\t\t\t\tfullscreenMargin: 0,\n\t\t\t\tspeed           : 80,\n\t\t\t\tdir             : \"h\",\n\t\t\t\tparallaxMode    : 'swipe',\n\t\t\t\tview            : \"fade\"\n\t\t\t});\n\n\t\t\t\n\t\t\t$(\"head\").append( \"<link rel='stylesheet' id='ms-fonts'  href='\/\/fonts.googleapis.com\/css?family=Lato:300' type='text\/css' media='all' \/>\" );\n\n\t\t\twindow.masterslider_instances = window.masterslider_instances || [];\n\t\t\twindow.masterslider_instances.push( masterslider_ad8a );\n\t\t});\n\t\t<\/script>\n\n[\/vc_column_text][vc_empty_space height=&#8221;10px&#8221;][vc_column_text css_animation=&#8221;appear&#8221;]<\/p>\n<div class=\"box\">\n<div class=\"box-content\">\n<p style=\"text-align: center; font-size: 20px; padding-top: 25px; margin-bottom: 5px; border-top: 1px solid #EAEAEA;\">A rede Zamparfarma trabalha com inova\u00e7\u00e3o, \u00e9tica e transpar\u00eancia. Est\u00e1 h\u00e1 mais de 30 anos primando pela sa\u00fade e uma maior qualidade de vida a toda a popula\u00e7\u00e3o.<\/p>\n<p style=\"text-align: center;\"><span style=\"text-align: center; font-size: 20px; color: #b6b6b6;\">A hist\u00f3ria da Zamparfarma mistura empreendedorismo com responsabilidade social.<\/span><\/p>\n<p style=\"text-align: right;\"><a href=\"http:\/\/zamparfarma.com.br\/Site\/azamparfarma\/\">Conhe\u00e7a mais da nossa hist\u00f3ria<\/a><\/p>\n<hr \/>\n<p style=\"text-align: center;\">\n<\/div>\n<\/div>\n<p>[\/vc_column_text][\/vc_column][\/vc_row][vc_row][vc_column css=&#8221;.vc_custom_1468353743230{margin-top: 5px !important;}&#8221;][vc_single_image image=&#8221;2813&#8243; img_size=&#8221;full&#8221; alignment=&#8221;center&#8221; style=&#8221;vc_box_shadow&#8221; css_animation=&#8221;top-to-bottom&#8221;][\/vc_column][\/vc_row][vc_row][vc_column][\/vc_column][\/vc_row]<\/p>\n","protected":false},"excerpt":{"rendered":"<p>[vc_row][vc_column][vc_column_text][\/vc_column_text][vc_empty_space height=&#8221;10px&#8221;][vc_column_text css_animation=&#8221;appear&#8221;] A rede Zamparfarma trabalha com inova\u00e7\u00e3o, \u00e9tica e transpar\u00eancia. Est\u00e1 h\u00e1 mais de 30 anos primando pela sa\u00fade e uma maior qualidade de vida a toda a popula\u00e7\u00e3o. A hist\u00f3ria da Zamparfarma mistura empreendedorismo com responsabilidade social. Conhe\u00e7a mais da nossa hist\u00f3ria [\/vc_column_text][\/vc_column][\/vc_row][vc_row][vc_column css=&#8221;.vc_custom_1468353743230{margin-top: 5px !important;}&#8221;][vc_single_image image=&#8221;2813&#8243; img_size=&#8221;full&#8221; alignment=&#8221;center&#8221; style=&#8221;vc_box_shadow&#8221; css_animation=&#8221;top-to-bottom&#8221;][\/vc_column][\/vc_row][vc_row][vc_column][\/vc_column][\/vc_row]<\/p>\n","protected":false},"author":1,"featured_media":0,"parent":0,"menu_order":0,"comment_status":"closed","ping_status":"closed","template":"","meta":{"_joinchat":[]},"_links":{"self":[{"href":"https:\/\/zamparfarma.com.br\/Site\/wp-json\/wp\/v2\/pages\/103"}],"collection":[{"href":"https:\/\/zamparfarma.com.br\/Site\/wp-json\/wp\/v2\/pages"}],"about":[{"href":"https:\/\/zamparfarma.com.br\/Site\/wp-json\/wp\/v2\/types\/page"}],"author":[{"embeddable":true,"href":"https:\/\/zamparfarma.com.br\/Site\/wp-json\/wp\/v2\/users\/1"}],"replies":[{"embeddable":true,"href":"https:\/\/zamparfarma.com.br\/Site\/wp-json\/wp\/v2\/comments?post=103"}],"version-history":[{"count":89,"href":"https:\/\/zamparfarma.com.br\/Site\/wp-json\/wp\/v2\/pages\/103\/revisions"}],"predecessor-version":[{"id":4028,"href":"https:\/\/zamparfarma.com.br\/Site\/wp-json\/wp\/v2\/pages\/103\/revisions\/4028"}],"wp:attachment":[{"href":"https:\/\/zamparfarma.com.br\/Site\/wp-json\/wp\/v2\/media?parent=103"}],"curies":[{"name":"wp","href":"https:\/\/api.w.org\/{rel}","templated":true}]}}