{"id":3113,"date":"2017-03-20T22:41:00","date_gmt":"2017-03-20T22:41:00","guid":{"rendered":"http:\/\/zamparfarma.com.br\/Site\/?page_id=3113"},"modified":"2017-04-08T19:43:41","modified_gmt":"2017-04-08T19:43:41","slug":"convenio-empresarial","status":"publish","type":"page","link":"https:\/\/zamparfarma.com.br\/Site\/convenio-empresarial\/","title":{"rendered":"Conv\u00eanio Empresarial"},"content":{"rendered":"<p>[vc_row][vc_column][vc_column_text]<\/p>\n<p style=\"text-align: center;\">\n\t\t<!-- MasterSlider -->\n\t\t<div id=\"P_MS69f9f1d77ae81\" class=\"master-slider-parent ms-parent-id-4\"  >\n\n\t\t\t\n\t\t\t<!-- MasterSlider Main -->\n\t\t\t<div id=\"MS69f9f1d77ae81\" class=\"master-slider ms-skin-light-3\" >\n\t\t\t\t \t\t\t\t \n\t\t\t<div  class=\"ms-slide\" data-delay=\"4\" data-fill-mode=\"fill\"  >\n\t\t\t\t\t<img src=\"https:\/\/zamparfarma.com.br\/Site\/wp-content\/plugins\/masterslider\/public\/assets\/css\/blank.gif\" alt=\"\" title=\"\" data-src=\"https:\/\/zamparfarma.com.br\/Site\/wp-content\/uploads\/2016\/06\/chiro-7g-02-slider-2-930x150.jpg\" \/>\n\n\t\t\t\t\t<div  class=\"ms-layer  msp-cn-4-15\" style=\"\"   data-effect=\"t(true,150,n,n,n,n,n,n,n,n,n,n,n,n,n)\" data-duration=\"1637\" data-delay=\"1387\" data-ease=\"easeOutExpo\"                data-offset-x=\"-309\" data-offset-y=\"36\" data-origin=\"bc\" data-position=\"normal\" >\n\u00c9 MUITO IMPORTANTE...<\/div>\n\n\t\t\t\t\t<div  class=\"ms-layer  msp-cn-4-1\" style=\"\"   data-effect=\"t(true,n,-250,n,n,n,n,n,n,n,n,-25,n,n,n)\" data-duration=\"3000\"  data-ease=\"easeOutBack\"                data-offset-x=\"-349\" data-offset-y=\"19\" data-origin=\"tc\" data-position=\"normal\" >\nSUA SA\u00daDE...<\/div>\n\n\n\t\t\t\t<\/div>\n\t\t\t<div  class=\"ms-slide\" data-delay=\"4\" data-fill-mode=\"fill\"  >\n\t\t\t\t\t<img src=\"https:\/\/zamparfarma.com.br\/Site\/wp-content\/plugins\/masterslider\/public\/assets\/css\/blank.gif\" alt=\"\" title=\"\" data-src=\"https:\/\/zamparfarma.com.br\/Site\/wp-content\/uploads\/2016\/06\/bg.slider-medicare-930x150.png\" \/>\n\n\t\t\t\t\t<div  class=\"ms-layer  msp-cn-4-10\" style=\"\"   data-effect=\"t(true,n,n,n,n,n,n,n,1.5,1.5,n,n,n,n,n)\"  data-delay=\"1312\" data-ease=\"easeOutBack\"                data-offset-x=\"95\" data-offset-y=\"4\" data-origin=\"tl\" data-position=\"normal\" >\nQUALIDADE<\/div>\n\n\t\t\t\t\t<div  class=\"ms-layer  msp-cn-4-14\" style=\"\"   data-effect=\"t(true,n,n,n,n,n,n,n,1.5,1.5,n,n,n,n,n)\"  data-delay=\"1525\" data-ease=\"easeOutBack\"                data-offset-x=\"95\" data-offset-y=\"37\" data-origin=\"tl\" data-position=\"normal\" >\nDE VIDA<\/div>\n\n\t\t\t\t\t<div  class=\"ms-layer  msp-cn-4-17\" style=\"\"    data-duration=\"837\" data-delay=\"1962\" data-ease=\"easeOutQuint\"                data-offset-x=\"112\" data-offset-y=\"84\" data-origin=\"tl\" data-position=\"normal\" >\n\u00c9 O QUE PROCURAMOS...<\/div>\n\n\n\t\t\t\t<\/div>\n\t\t\t<div  class=\"ms-slide\" data-delay=\"4\" data-fill-mode=\"fill\"  >\n\t\t\t\t\t<img src=\"https:\/\/zamparfarma.com.br\/Site\/wp-content\/plugins\/masterslider\/public\/assets\/css\/blank.gif\" alt=\"\" title=\"\" data-src=\"https:\/\/zamparfarma.com.br\/Site\/wp-content\/uploads\/2016\/06\/oldcouple_slider-1110x406-930x150.jpg\" \/>\n\n\t\t\t\t\t<div  class=\"ms-layer  msp-cn-4-20\" style=\"\"   data-effect=\"t(true,150,n,n,n,n,n,n,n,n,n,n,n,n,n)\" data-duration=\"1450\" data-delay=\"1387\" data-ease=\"easeOutExpo\"                data-offset-x=\"481\" data-offset-y=\"90\" data-origin=\"tl\" data-position=\"normal\" >\nDOS MOMENTOS FELIZES POR MAIS TEMPO.<\/div>\n\n\t\t\t\t\t<div  class=\"ms-layer  msp-cn-4-19\" style=\"\"   data-effect=\"t(true,n,n,-500,n,n,n,n,n,n,n,n,n,n,n)\" data-duration=\"2825\"  data-ease=\"easeOutExpo\"                data-offset-x=\"10\" data-offset-y=\"11\" data-origin=\"tl\" data-position=\"normal\" >\nPARA QUE POSSAMOS DESFRUTAR...<\/div>\n\n\n\t\t\t\t<\/div>\n\t\t\t<div  class=\"ms-slide\" data-delay=\"4\" data-fill-mode=\"fill\"  >\n\t\t\t\t\t<img src=\"https:\/\/zamparfarma.com.br\/Site\/wp-content\/plugins\/masterslider\/public\/assets\/css\/blank.gif\" alt=\"\" title=\"\" data-src=\"https:\/\/zamparfarma.com.br\/Site\/wp-content\/uploads\/2016\/07\/good-health-930x150.jpg\" \/>\n\n\t\t\t\t\t<div  class=\"ms-layer  msp-cn-4-22\" style=\"\"   data-effect=\"t(true,n,n,-500,n,n,n,n,n,n,n,n,n,n,n)\" data-duration=\"1837\" data-delay=\"2137\" data-ease=\"easeOutExpo\"                data-offset-x=\"56\" data-offset-y=\"70\" data-origin=\"tl\" data-position=\"normal\" >\nQUE DESEJAMOS PARA VOC\u00ca!<\/div>\n\n\t\t\t\t\t<div  class=\"ms-layer  msp-cn-4-25\" style=\"\"   data-effect=\"t(true,n,n,-500,n,n,n,n,n,n,n,n,n,n,n)\" data-duration=\"2787\"  data-ease=\"easeOutExpo\"                data-offset-x=\"55\" data-offset-y=\"11\" data-origin=\"tl\" data-position=\"normal\" >\n\u00c9 EXATAMENTE ISSO<\/div>\n\n\n\t\t\t\t<\/div>\n\n\t\t\t<\/div>\n\t\t\t<!-- END MasterSlider Main -->\n\n\t\t\t \n\t\t<\/div>\n\t\t<!-- END MasterSlider -->\n\n\t\t<script>\n\t\t( window.MSReady = window.MSReady || [] ).push( function( $ ) {\n\n\t\t\t\"use strict\";\n\t\t\tvar masterslider_ae81 = new MasterSlider();\n\n\t\t\t\/\/ slider controls\n\t\t\tmasterslider_ae81.control('arrows'     ,{ autohide:true, overVideo:true  });\n\t\t\tmasterslider_ae81.control('bullets'    ,{ autohide:true, overVideo:true, dir:'h', align:'bottom', space:5 , margin:10  });\n\t\t\tmasterslider_ae81.control('circletimer',{ autohide:false, overVideo:true, color:'#272727', radius:10, stroke:2   });\n\t\t\tmasterslider_ae81.control('timebar'    ,{ autohide:false, overVideo:true, align:'bottom', color:'#4c4c4c'  , width:2 });\n\t\t\t\/\/ slider setup\n\t\t\tmasterslider_ae81.setup(\"MS69f9f1d77ae81\", {\n\t\t\t\twidth           : 930,\n\t\t\t\theight          : 150,\n\t\t\t\tminHeight       : 0,\n\t\t\t\tspace           : 0,\n\t\t\t\tstart           : 1,\n\t\t\t\tgrabCursor      : true,\n\t\t\t\tswipe           : true,\n\t\t\t\tmouse           : true,\n\t\t\t\tkeyboard        : false,\n\t\t\t\tlayout          : \"fullwidth\",\n\t\t\t\twheel           : false,\n\t\t\t\tautoplay        : true,\n\t\t\t\tinstantStartLayers:false,\n\t\t\t\tloop            : true,\n\t\t\t\tshuffle         : false,\n\t\t\t\tpreload         : 2,\n\t\t\t\theightLimit     : true,\n\t\t\t\tautoHeight      : false,\n\t\t\t\tsmoothHeight    : true,\n\t\t\t\tendPause        : false,\n\t\t\t\toverPause       : false,\n\t\t\t\tfillMode        : \"fill\",\n\t\t\t\tcenterControls  : false,\n\t\t\t\tstartOnAppear   : false,\n\t\t\t\tlayersMode      : \"center\",\n\t\t\t\tautofillTarget  : \"\",\n\t\t\t\thideLayers      : false,\n\t\t\t\tfullscreenMargin: 0,\n\t\t\t\tspeed           : 80,\n\t\t\t\tdir             : \"h\",\n\t\t\t\tparallaxMode    : 'swipe',\n\t\t\t\tview            : \"fade\"\n\t\t\t});\n\n\t\t\t\n\t\t\t$(\"head\").append( \"<link rel='stylesheet' id='ms-fonts'  href='\/\/fonts.googleapis.com\/css?family=Lato:300' type='text\/css' media='all' \/>\" );\n\n\t\t\twindow.masterslider_instances = window.masterslider_instances || [];\n\t\t\twindow.masterslider_instances.push( masterslider_ae81 );\n\t\t});\n\t\t<\/script>\n\n<\/p>\n<p>[\/vc_column_text][\/vc_column][vc_column][vc_wp_text]<\/p>\n<h3>Conv\u00eanio Empresarial<\/h3>\n<p>&nbsp;<\/p>\n<p>A Zampar Farma oferece um conv\u00eanio empresarial para todos os seus colaboradores. Conhe\u00e7a as vantagens de ser parceiro da Zampar Farma.<\/p>\n<p>PARA SEU COLABORADOR:<\/p>\n<ul>\n<li>\u2022\u00a0Praticidade, facilidade e seguran\u00e7a.<\/li>\n<li>\u2022\u00a0Transpar\u00eancia e \u00e9tica em todas as vendas.<\/li>\n<li>\u2022\u00a0Descontos diferenciados em medicamentos e perfumaria.<\/li>\n<li>\u2022\u00a0Medicamentos a pre\u00e7os especiais, que v\u00e3o at\u00e9 91% de desconto.<\/li>\n<li>\u2022\u00a0Programa Aqui tem Farm\u00e1cia Popular.<\/li>\n<li>\u2022 Aplica\u00e7\u00e3o de injet\u00e1veis e entrega em domic\u00edlio.<\/li>\n<\/ul>\n<p>PARA A EMPRESA:<\/p>\n<ul>\n<li>\u2022\u00a0Elimina\u00e7\u00e3o de pap\u00e9is\/burocracia, reduzindo custos administrativos e de controle.<\/li>\n<li>\u2022\u00a0Valoriza\u00e7\u00e3o dos colaboradores, elevando a auto-estima.<\/li>\n<li>\u2022\u00a0A pr\u00f3pria empresa define regras para seus colaboradores, como limite de compras e subs\u00eddios.<\/li>\n<li>\u2022\u00a0A empresa define quais produtos que entram no conv\u00eanio, restringindo s\u00f3 para medicamentos, por exemplo.<\/li>\n<li>\u2022\u00a0Datas de fechamento mensal s\u00e3o definidas pelas empresas conveniadas.<\/li>\n<li>\u2022\u00a0Nosso software gera um arquivo que mandamos por e-mail, que \u00e9 compat\u00edvel com a folha de pagamento, o que faz com que o RH da sua empresa ganhe tempo e menos trabalho.<\/li>\n<li>\u2022\u00a0Emiss\u00e3o de Nota Fiscal eletr\u00f4nica, juntamente com todas as faturas mensais dos conv\u00eanios empresariais<\/li>\n<\/ul>\n<p>Esta parceria garante descontos exclusivos em medicamentos, com prazos especiais para pagamentos, conforme melhor se adequar \u00e0 sua empresa. Agende uma visita com um de nossos representantes. Teremos o maior prazer em visitar a sua empresa e a certeza de que essa ser\u00e1 uma parceria de sucesso.[\/vc_wp_text][\/vc_column][\/vc_row]<\/p>\n","protected":false},"excerpt":{"rendered":"<p>[vc_row][vc_column][vc_column_text] [\/vc_column_text][\/vc_column][vc_column][vc_wp_text] Conv\u00eanio Empresarial &nbsp; A Zampar Farma oferece um conv\u00eanio empresarial para todos os seus colaboradores. Conhe\u00e7a as vantagens de ser parceiro da Zampar Farma. PARA SEU COLABORADOR: \u2022\u00a0Praticidade, facilidade e seguran\u00e7a. \u2022\u00a0Transpar\u00eancia e \u00e9tica em todas as vendas. \u2022\u00a0Descontos diferenciados em medicamentos e perfumaria. \u2022\u00a0Medicamentos a pre\u00e7os especiais, que v\u00e3o at\u00e9 91% de<\/p>\n","protected":false},"author":1,"featured_media":0,"parent":0,"menu_order":0,"comment_status":"closed","ping_status":"closed","template":"","meta":{"_joinchat":[]},"_links":{"self":[{"href":"https:\/\/zamparfarma.com.br\/Site\/wp-json\/wp\/v2\/pages\/3113"}],"collection":[{"href":"https:\/\/zamparfarma.com.br\/Site\/wp-json\/wp\/v2\/pages"}],"about":[{"href":"https:\/\/zamparfarma.com.br\/Site\/wp-json\/wp\/v2\/types\/page"}],"author":[{"embeddable":true,"href":"https:\/\/zamparfarma.com.br\/Site\/wp-json\/wp\/v2\/users\/1"}],"replies":[{"embeddable":true,"href":"https:\/\/zamparfarma.com.br\/Site\/wp-json\/wp\/v2\/comments?post=3113"}],"version-history":[{"count":21,"href":"https:\/\/zamparfarma.com.br\/Site\/wp-json\/wp\/v2\/pages\/3113\/revisions"}],"predecessor-version":[{"id":3185,"href":"https:\/\/zamparfarma.com.br\/Site\/wp-json\/wp\/v2\/pages\/3113\/revisions\/3185"}],"wp:attachment":[{"href":"https:\/\/zamparfarma.com.br\/Site\/wp-json\/wp\/v2\/media?parent=3113"}],"curies":[{"name":"wp","href":"https:\/\/api.w.org\/{rel}","templated":true}]}}