{"id":3148,"date":"2017-03-20T23:16:59","date_gmt":"2017-03-20T23:16:59","guid":{"rendered":"http:\/\/zamparfarma.com.br\/Site\/?page_id=3148"},"modified":"2017-03-20T23:16:59","modified_gmt":"2017-03-20T23:16:59","slug":"cartoes-zampar-farma","status":"publish","type":"page","link":"https:\/\/zamparfarma.com.br\/Site\/cartoes-zampar-farma\/","title":{"rendered":"Cart\u00f5es Zampar Farma"},"content":{"rendered":"<p>[vc_row][vc_column][vc_column_text]<\/p>\n<p style=\"text-align: center;\">\n\t\t<!-- MasterSlider -->\n\t\t<div id=\"P_MS69e5a32cefca0\" class=\"master-slider-parent ms-parent-id-4\"  >\n\n\t\t\t\n\t\t\t<!-- MasterSlider Main -->\n\t\t\t<div id=\"MS69e5a32cefca0\" class=\"master-slider ms-skin-light-3\" >\n\t\t\t\t \t\t\t\t \n\t\t\t<div  class=\"ms-slide\" data-delay=\"4\" data-fill-mode=\"fill\"  >\n\t\t\t\t\t<img src=\"https:\/\/zamparfarma.com.br\/Site\/wp-content\/plugins\/masterslider\/public\/assets\/css\/blank.gif\" alt=\"\" title=\"\" data-src=\"https:\/\/zamparfarma.com.br\/Site\/wp-content\/uploads\/2016\/06\/chiro-7g-02-slider-2-930x150.jpg\" \/>\n\n\t\t\t\t\t<div  class=\"ms-layer  msp-cn-4-15\" style=\"\"   data-effect=\"t(true,150,n,n,n,n,n,n,n,n,n,n,n,n,n)\" data-duration=\"1637\" data-delay=\"1387\" data-ease=\"easeOutExpo\"                data-offset-x=\"-309\" data-offset-y=\"36\" data-origin=\"bc\" data-position=\"normal\" >\n\u00c9 MUITO IMPORTANTE...<\/div>\n\n\t\t\t\t\t<div  class=\"ms-layer  msp-cn-4-1\" style=\"\"   data-effect=\"t(true,n,-250,n,n,n,n,n,n,n,n,-25,n,n,n)\" data-duration=\"3000\"  data-ease=\"easeOutBack\"                data-offset-x=\"-349\" data-offset-y=\"19\" data-origin=\"tc\" data-position=\"normal\" >\nSUA SA\u00daDE...<\/div>\n\n\n\t\t\t\t<\/div>\n\t\t\t<div  class=\"ms-slide\" data-delay=\"4\" data-fill-mode=\"fill\"  >\n\t\t\t\t\t<img src=\"https:\/\/zamparfarma.com.br\/Site\/wp-content\/plugins\/masterslider\/public\/assets\/css\/blank.gif\" alt=\"\" title=\"\" data-src=\"https:\/\/zamparfarma.com.br\/Site\/wp-content\/uploads\/2016\/06\/bg.slider-medicare-930x150.png\" \/>\n\n\t\t\t\t\t<div  class=\"ms-layer  msp-cn-4-10\" style=\"\"   data-effect=\"t(true,n,n,n,n,n,n,n,1.5,1.5,n,n,n,n,n)\"  data-delay=\"1312\" data-ease=\"easeOutBack\"                data-offset-x=\"95\" data-offset-y=\"4\" data-origin=\"tl\" data-position=\"normal\" >\nQUALIDADE<\/div>\n\n\t\t\t\t\t<div  class=\"ms-layer  msp-cn-4-14\" style=\"\"   data-effect=\"t(true,n,n,n,n,n,n,n,1.5,1.5,n,n,n,n,n)\"  data-delay=\"1525\" data-ease=\"easeOutBack\"                data-offset-x=\"95\" data-offset-y=\"37\" data-origin=\"tl\" data-position=\"normal\" >\nDE VIDA<\/div>\n\n\t\t\t\t\t<div  class=\"ms-layer  msp-cn-4-17\" style=\"\"    data-duration=\"837\" data-delay=\"1962\" data-ease=\"easeOutQuint\"                data-offset-x=\"112\" data-offset-y=\"84\" data-origin=\"tl\" data-position=\"normal\" >\n\u00c9 O QUE PROCURAMOS...<\/div>\n\n\n\t\t\t\t<\/div>\n\t\t\t<div  class=\"ms-slide\" data-delay=\"4\" data-fill-mode=\"fill\"  >\n\t\t\t\t\t<img src=\"https:\/\/zamparfarma.com.br\/Site\/wp-content\/plugins\/masterslider\/public\/assets\/css\/blank.gif\" alt=\"\" title=\"\" data-src=\"https:\/\/zamparfarma.com.br\/Site\/wp-content\/uploads\/2016\/06\/oldcouple_slider-1110x406-930x150.jpg\" \/>\n\n\t\t\t\t\t<div  class=\"ms-layer  msp-cn-4-20\" style=\"\"   data-effect=\"t(true,150,n,n,n,n,n,n,n,n,n,n,n,n,n)\" data-duration=\"1450\" data-delay=\"1387\" data-ease=\"easeOutExpo\"                data-offset-x=\"481\" data-offset-y=\"90\" data-origin=\"tl\" data-position=\"normal\" >\nDOS MOMENTOS FELIZES POR MAIS TEMPO.<\/div>\n\n\t\t\t\t\t<div  class=\"ms-layer  msp-cn-4-19\" style=\"\"   data-effect=\"t(true,n,n,-500,n,n,n,n,n,n,n,n,n,n,n)\" data-duration=\"2825\"  data-ease=\"easeOutExpo\"                data-offset-x=\"10\" data-offset-y=\"11\" data-origin=\"tl\" data-position=\"normal\" >\nPARA QUE POSSAMOS DESFRUTAR...<\/div>\n\n\n\t\t\t\t<\/div>\n\t\t\t<div  class=\"ms-slide\" data-delay=\"4\" data-fill-mode=\"fill\"  >\n\t\t\t\t\t<img src=\"https:\/\/zamparfarma.com.br\/Site\/wp-content\/plugins\/masterslider\/public\/assets\/css\/blank.gif\" alt=\"\" title=\"\" data-src=\"https:\/\/zamparfarma.com.br\/Site\/wp-content\/uploads\/2016\/07\/good-health-930x150.jpg\" \/>\n\n\t\t\t\t\t<div  class=\"ms-layer  msp-cn-4-22\" style=\"\"   data-effect=\"t(true,n,n,-500,n,n,n,n,n,n,n,n,n,n,n)\" data-duration=\"1837\" data-delay=\"2137\" data-ease=\"easeOutExpo\"                data-offset-x=\"56\" data-offset-y=\"70\" data-origin=\"tl\" data-position=\"normal\" >\nQUE DESEJAMOS PARA VOC\u00ca!<\/div>\n\n\t\t\t\t\t<div  class=\"ms-layer  msp-cn-4-25\" style=\"\"   data-effect=\"t(true,n,n,-500,n,n,n,n,n,n,n,n,n,n,n)\" data-duration=\"2787\"  data-ease=\"easeOutExpo\"                data-offset-x=\"55\" data-offset-y=\"11\" data-origin=\"tl\" data-position=\"normal\" >\n\u00c9 EXATAMENTE ISSO<\/div>\n\n\n\t\t\t\t<\/div>\n\n\t\t\t<\/div>\n\t\t\t<!-- END MasterSlider Main -->\n\n\t\t\t \n\t\t<\/div>\n\t\t<!-- END MasterSlider -->\n\n\t\t<script>\n\t\t( window.MSReady = window.MSReady || [] ).push( function( $ ) {\n\n\t\t\t\"use strict\";\n\t\t\tvar masterslider_fca0 = new MasterSlider();\n\n\t\t\t\/\/ slider controls\n\t\t\tmasterslider_fca0.control('arrows'     ,{ autohide:true, overVideo:true  });\n\t\t\tmasterslider_fca0.control('bullets'    ,{ autohide:true, overVideo:true, dir:'h', align:'bottom', space:5 , margin:10  });\n\t\t\tmasterslider_fca0.control('circletimer',{ autohide:false, overVideo:true, color:'#272727', radius:10, stroke:2   });\n\t\t\tmasterslider_fca0.control('timebar'    ,{ autohide:false, overVideo:true, align:'bottom', color:'#4c4c4c'  , width:2 });\n\t\t\t\/\/ slider setup\n\t\t\tmasterslider_fca0.setup(\"MS69e5a32cefca0\", {\n\t\t\t\twidth           : 930,\n\t\t\t\theight          : 150,\n\t\t\t\tminHeight       : 0,\n\t\t\t\tspace           : 0,\n\t\t\t\tstart           : 1,\n\t\t\t\tgrabCursor      : true,\n\t\t\t\tswipe           : true,\n\t\t\t\tmouse           : true,\n\t\t\t\tkeyboard        : false,\n\t\t\t\tlayout          : \"fullwidth\",\n\t\t\t\twheel           : false,\n\t\t\t\tautoplay        : true,\n\t\t\t\tinstantStartLayers:false,\n\t\t\t\tloop            : true,\n\t\t\t\tshuffle         : false,\n\t\t\t\tpreload         : 2,\n\t\t\t\theightLimit     : true,\n\t\t\t\tautoHeight      : false,\n\t\t\t\tsmoothHeight    : true,\n\t\t\t\tendPause        : false,\n\t\t\t\toverPause       : false,\n\t\t\t\tfillMode        : \"fill\",\n\t\t\t\tcenterControls  : false,\n\t\t\t\tstartOnAppear   : false,\n\t\t\t\tlayersMode      : \"center\",\n\t\t\t\tautofillTarget  : \"\",\n\t\t\t\thideLayers      : false,\n\t\t\t\tfullscreenMargin: 0,\n\t\t\t\tspeed           : 80,\n\t\t\t\tdir             : \"h\",\n\t\t\t\tparallaxMode    : 'swipe',\n\t\t\t\tview            : \"fade\"\n\t\t\t});\n\n\t\t\t\n\t\t\t$(\"head\").append( \"<link rel='stylesheet' id='ms-fonts'  href='\/\/fonts.googleapis.com\/css?family=Lato:300' type='text\/css' media='all' \/>\" );\n\n\t\t\twindow.masterslider_instances = window.masterslider_instances || [];\n\t\t\twindow.masterslider_instances.push( masterslider_fca0 );\n\t\t});\n\t\t<\/script>\n\n<\/p>\n<p>[\/vc_column_text][\/vc_column][vc_column][vc_custom_heading text=&#8221;Cart\u00f5es Zampar Farma&#8221; font_container=&#8221;tag:h2|font_size:30px|text_align:center|color:%23000000&#8243; google_fonts=&#8221;font_family:Lato%3A100%2C100italic%2C300%2C300italic%2Cregular%2Citalic%2C700%2C700italic%2C900%2C900italic|font_style:400%20regular%3A400%3Anormal&#8221;][vc_column_text css=&#8221;.vc_custom_1490051763021{padding-left: 10px !important;}&#8221;]<strong><em>Cart\u00e3o Cliente Especial<\/em><\/strong><\/p>\n<p>Fa\u00e7a seu Cart\u00e3o Cliente Especial na Zampar Farma e aproveite uma centena de medicamentos com pre\u00e7os especiais. Voc\u00ea fica por dentro de todas as promo\u00e7\u00f5es, al\u00e9m de poder aproveitar especiais do m\u00eas na Perfumaria! V\u00e1 agora mesmo fazer o seu cart\u00e3o!<\/p>\n<p><strong><em>Cart\u00e3o de Cr\u00e9dito Zampar Farma<\/em><\/strong><\/p>\n<p>Fa\u00e7a seu Cart\u00e3o de Cr\u00e9dito Zampar Farma e tenha at\u00e9 45 dias para pagar sem juros. Voc\u00ea participa dos medicamentos com pre\u00e7os especiais e ainda tem bastante prazo para pagar.Conhe\u00e7a as vantagens e corre pra Zampar para fazer o seu!<\/p>\n<ul>\n<li>&gt;At\u00e9 45 dias para pagar, sem juros, dependendo do dia da compra.<\/li>\n<li>&gt;N\u00e3o necessita de comprovante de renda e endere\u00e7o.<\/li>\n<li>&gt;Voc\u00ea decide a melhor data de vencimento da sua fatura mensal: dia 5,10, 20 ou 30.<\/li>\n<li>&gt;Aumento do limite de cr\u00e9dito a cada pagamento.<\/li>\n<li>&gt;Voc\u00ea pode solicitar at\u00e9 dois cart\u00f5es adicionais.<\/li>\n<li>&gt;Pagamento em qualquer ag\u00eancia banc\u00e1ria, lot\u00e9rica ou correspondente, mesmo ap\u00f3s a data de vencimento.<\/li>\n<\/ul>\n<p>[\/vc_column_text][\/vc_column][\/vc_row]<\/p>\n","protected":false},"excerpt":{"rendered":"<p>[vc_row][vc_column][vc_column_text] [\/vc_column_text][\/vc_column][vc_column][vc_custom_heading text=&#8221;Cart\u00f5es Zampar Farma&#8221; font_container=&#8221;tag:h2|font_size:30px|text_align:center|color:%23000000&#8243; google_fonts=&#8221;font_family:Lato%3A100%2C100italic%2C300%2C300italic%2Cregular%2Citalic%2C700%2C700italic%2C900%2C900italic|font_style:400%20regular%3A400%3Anormal&#8221;][vc_column_text css=&#8221;.vc_custom_1490051763021{padding-left: 10px !important;}&#8221;]Cart\u00e3o Cliente Especial Fa\u00e7a seu Cart\u00e3o Cliente Especial na Zampar Farma e aproveite uma centena de medicamentos com pre\u00e7os especiais. Voc\u00ea fica por dentro de todas as promo\u00e7\u00f5es, al\u00e9m de poder aproveitar especiais do m\u00eas na Perfumaria! V\u00e1 agora mesmo fazer o seu cart\u00e3o! Cart\u00e3o de<\/p>\n","protected":false},"author":1,"featured_media":0,"parent":0,"menu_order":0,"comment_status":"closed","ping_status":"closed","template":"","meta":{"_joinchat":[]},"_links":{"self":[{"href":"https:\/\/zamparfarma.com.br\/Site\/wp-json\/wp\/v2\/pages\/3148"}],"collection":[{"href":"https:\/\/zamparfarma.com.br\/Site\/wp-json\/wp\/v2\/pages"}],"about":[{"href":"https:\/\/zamparfarma.com.br\/Site\/wp-json\/wp\/v2\/types\/page"}],"author":[{"embeddable":true,"href":"https:\/\/zamparfarma.com.br\/Site\/wp-json\/wp\/v2\/users\/1"}],"replies":[{"embeddable":true,"href":"https:\/\/zamparfarma.com.br\/Site\/wp-json\/wp\/v2\/comments?post=3148"}],"version-history":[{"count":1,"href":"https:\/\/zamparfarma.com.br\/Site\/wp-json\/wp\/v2\/pages\/3148\/revisions"}],"predecessor-version":[{"id":3149,"href":"https:\/\/zamparfarma.com.br\/Site\/wp-json\/wp\/v2\/pages\/3148\/revisions\/3149"}],"wp:attachment":[{"href":"https:\/\/zamparfarma.com.br\/Site\/wp-json\/wp\/v2\/media?parent=3148"}],"curies":[{"name":"wp","href":"https:\/\/api.w.org\/{rel}","templated":true}]}}