{"id":3150,"date":"2017-03-20T23:20:20","date_gmt":"2017-03-20T23:20:20","guid":{"rendered":"http:\/\/zamparfarma.com.br\/Site\/?page_id=3150"},"modified":"2018-12-17T09:56:39","modified_gmt":"2018-12-17T09:56:39","slug":"convenios-com-laboratorios-pmss","status":"publish","type":"page","link":"https:\/\/zamparfarma.com.br\/Site\/convenios-com-laboratorios-pmss\/","title":{"rendered":"Conv\u00eanios com Laborat\u00f3rios (PBM&#8217;s)"},"content":{"rendered":"<p>[vc_row][vc_column][vc_column_text]<\/p>\n<p style=\"text-align: center;\">\n\t\t<!-- MasterSlider -->\n\t\t<div id=\"P_MS69f9f1b90f8dd\" class=\"master-slider-parent ms-parent-id-4\"  >\n\n\t\t\t\n\t\t\t<!-- MasterSlider Main -->\n\t\t\t<div id=\"MS69f9f1b90f8dd\" class=\"master-slider ms-skin-light-3\" >\n\t\t\t\t \t\t\t\t \n\t\t\t<div  class=\"ms-slide\" data-delay=\"4\" data-fill-mode=\"fill\"  >\n\t\t\t\t\t<img src=\"https:\/\/zamparfarma.com.br\/Site\/wp-content\/plugins\/masterslider\/public\/assets\/css\/blank.gif\" alt=\"\" title=\"\" data-src=\"https:\/\/zamparfarma.com.br\/Site\/wp-content\/uploads\/2016\/06\/chiro-7g-02-slider-2-930x150.jpg\" \/>\n\n\t\t\t\t\t<div  class=\"ms-layer  msp-cn-4-15\" style=\"\"   data-effect=\"t(true,150,n,n,n,n,n,n,n,n,n,n,n,n,n)\" data-duration=\"1637\" data-delay=\"1387\" data-ease=\"easeOutExpo\"                data-offset-x=\"-309\" data-offset-y=\"36\" data-origin=\"bc\" data-position=\"normal\" >\n\u00c9 MUITO IMPORTANTE...<\/div>\n\n\t\t\t\t\t<div  class=\"ms-layer  msp-cn-4-1\" style=\"\"   data-effect=\"t(true,n,-250,n,n,n,n,n,n,n,n,-25,n,n,n)\" data-duration=\"3000\"  data-ease=\"easeOutBack\"                data-offset-x=\"-349\" data-offset-y=\"19\" data-origin=\"tc\" data-position=\"normal\" >\nSUA SA\u00daDE...<\/div>\n\n\n\t\t\t\t<\/div>\n\t\t\t<div  class=\"ms-slide\" data-delay=\"4\" data-fill-mode=\"fill\"  >\n\t\t\t\t\t<img src=\"https:\/\/zamparfarma.com.br\/Site\/wp-content\/plugins\/masterslider\/public\/assets\/css\/blank.gif\" alt=\"\" title=\"\" data-src=\"https:\/\/zamparfarma.com.br\/Site\/wp-content\/uploads\/2016\/06\/bg.slider-medicare-930x150.png\" \/>\n\n\t\t\t\t\t<div  class=\"ms-layer  msp-cn-4-10\" style=\"\"   data-effect=\"t(true,n,n,n,n,n,n,n,1.5,1.5,n,n,n,n,n)\"  data-delay=\"1312\" data-ease=\"easeOutBack\"                data-offset-x=\"95\" data-offset-y=\"4\" data-origin=\"tl\" data-position=\"normal\" >\nQUALIDADE<\/div>\n\n\t\t\t\t\t<div  class=\"ms-layer  msp-cn-4-14\" style=\"\"   data-effect=\"t(true,n,n,n,n,n,n,n,1.5,1.5,n,n,n,n,n)\"  data-delay=\"1525\" data-ease=\"easeOutBack\"                data-offset-x=\"95\" data-offset-y=\"37\" data-origin=\"tl\" data-position=\"normal\" >\nDE VIDA<\/div>\n\n\t\t\t\t\t<div  class=\"ms-layer  msp-cn-4-17\" style=\"\"    data-duration=\"837\" data-delay=\"1962\" data-ease=\"easeOutQuint\"                data-offset-x=\"112\" data-offset-y=\"84\" data-origin=\"tl\" data-position=\"normal\" >\n\u00c9 O QUE PROCURAMOS...<\/div>\n\n\n\t\t\t\t<\/div>\n\t\t\t<div  class=\"ms-slide\" data-delay=\"4\" data-fill-mode=\"fill\"  >\n\t\t\t\t\t<img src=\"https:\/\/zamparfarma.com.br\/Site\/wp-content\/plugins\/masterslider\/public\/assets\/css\/blank.gif\" alt=\"\" title=\"\" data-src=\"https:\/\/zamparfarma.com.br\/Site\/wp-content\/uploads\/2016\/06\/oldcouple_slider-1110x406-930x150.jpg\" \/>\n\n\t\t\t\t\t<div  class=\"ms-layer  msp-cn-4-20\" style=\"\"   data-effect=\"t(true,150,n,n,n,n,n,n,n,n,n,n,n,n,n)\" data-duration=\"1450\" data-delay=\"1387\" data-ease=\"easeOutExpo\"                data-offset-x=\"481\" data-offset-y=\"90\" data-origin=\"tl\" data-position=\"normal\" >\nDOS MOMENTOS FELIZES POR MAIS TEMPO.<\/div>\n\n\t\t\t\t\t<div  class=\"ms-layer  msp-cn-4-19\" style=\"\"   data-effect=\"t(true,n,n,-500,n,n,n,n,n,n,n,n,n,n,n)\" data-duration=\"2825\"  data-ease=\"easeOutExpo\"                data-offset-x=\"10\" data-offset-y=\"11\" data-origin=\"tl\" data-position=\"normal\" >\nPARA QUE POSSAMOS DESFRUTAR...<\/div>\n\n\n\t\t\t\t<\/div>\n\t\t\t<div  class=\"ms-slide\" data-delay=\"4\" data-fill-mode=\"fill\"  >\n\t\t\t\t\t<img src=\"https:\/\/zamparfarma.com.br\/Site\/wp-content\/plugins\/masterslider\/public\/assets\/css\/blank.gif\" alt=\"\" title=\"\" data-src=\"https:\/\/zamparfarma.com.br\/Site\/wp-content\/uploads\/2016\/07\/good-health-930x150.jpg\" \/>\n\n\t\t\t\t\t<div  class=\"ms-layer  msp-cn-4-22\" style=\"\"   data-effect=\"t(true,n,n,-500,n,n,n,n,n,n,n,n,n,n,n)\" data-duration=\"1837\" data-delay=\"2137\" data-ease=\"easeOutExpo\"                data-offset-x=\"56\" data-offset-y=\"70\" data-origin=\"tl\" data-position=\"normal\" >\nQUE DESEJAMOS PARA VOC\u00ca!<\/div>\n\n\t\t\t\t\t<div  class=\"ms-layer  msp-cn-4-25\" style=\"\"   data-effect=\"t(true,n,n,-500,n,n,n,n,n,n,n,n,n,n,n)\" data-duration=\"2787\"  data-ease=\"easeOutExpo\"                data-offset-x=\"55\" data-offset-y=\"11\" data-origin=\"tl\" data-position=\"normal\" >\n\u00c9 EXATAMENTE ISSO<\/div>\n\n\n\t\t\t\t<\/div>\n\n\t\t\t<\/div>\n\t\t\t<!-- END MasterSlider Main -->\n\n\t\t\t \n\t\t<\/div>\n\t\t<!-- END MasterSlider -->\n\n\t\t<script>\n\t\t( window.MSReady = window.MSReady || [] ).push( function( $ ) {\n\n\t\t\t\"use strict\";\n\t\t\tvar masterslider_f8dd = new MasterSlider();\n\n\t\t\t\/\/ slider controls\n\t\t\tmasterslider_f8dd.control('arrows'     ,{ autohide:true, overVideo:true  });\n\t\t\tmasterslider_f8dd.control('bullets'    ,{ autohide:true, overVideo:true, dir:'h', align:'bottom', space:5 , margin:10  });\n\t\t\tmasterslider_f8dd.control('circletimer',{ autohide:false, overVideo:true, color:'#272727', radius:10, stroke:2   });\n\t\t\tmasterslider_f8dd.control('timebar'    ,{ autohide:false, overVideo:true, align:'bottom', color:'#4c4c4c'  , width:2 });\n\t\t\t\/\/ slider setup\n\t\t\tmasterslider_f8dd.setup(\"MS69f9f1b90f8dd\", {\n\t\t\t\twidth           : 930,\n\t\t\t\theight          : 150,\n\t\t\t\tminHeight       : 0,\n\t\t\t\tspace           : 0,\n\t\t\t\tstart           : 1,\n\t\t\t\tgrabCursor      : true,\n\t\t\t\tswipe           : true,\n\t\t\t\tmouse           : true,\n\t\t\t\tkeyboard        : false,\n\t\t\t\tlayout          : \"fullwidth\",\n\t\t\t\twheel           : false,\n\t\t\t\tautoplay        : true,\n\t\t\t\tinstantStartLayers:false,\n\t\t\t\tloop            : true,\n\t\t\t\tshuffle         : false,\n\t\t\t\tpreload         : 2,\n\t\t\t\theightLimit     : true,\n\t\t\t\tautoHeight      : false,\n\t\t\t\tsmoothHeight    : true,\n\t\t\t\tendPause        : false,\n\t\t\t\toverPause       : false,\n\t\t\t\tfillMode        : \"fill\",\n\t\t\t\tcenterControls  : false,\n\t\t\t\tstartOnAppear   : false,\n\t\t\t\tlayersMode      : \"center\",\n\t\t\t\tautofillTarget  : \"\",\n\t\t\t\thideLayers      : false,\n\t\t\t\tfullscreenMargin: 0,\n\t\t\t\tspeed           : 80,\n\t\t\t\tdir             : \"h\",\n\t\t\t\tparallaxMode    : 'swipe',\n\t\t\t\tview            : \"fade\"\n\t\t\t});\n\n\t\t\t\n\t\t\t$(\"head\").append( \"<link rel='stylesheet' id='ms-fonts'  href='\/\/fonts.googleapis.com\/css?family=Lato:300' type='text\/css' media='all' \/>\" );\n\n\t\t\twindow.masterslider_instances = window.masterslider_instances || [];\n\t\t\twindow.masterslider_instances.push( masterslider_f8dd );\n\t\t});\n\t\t<\/script>\n\n<\/p>\n<p>[\/vc_column_text][vc_btn title=&#8221;CLIQUE PARA BUSCAR MEDICAMENTOS PBM&#8217;S&#8221; align=&#8221;left&#8221; i_icon_fontawesome=&#8221;fa fa-flask&#8221; link=&#8221;url:http%3A%2F%2Fzamparfarma.com.br%2FSite%2Fbusca-medicamentos-convenio-pbms%2F||target:%20_blank&#8221; add_icon=&#8221;true&#8221;][vc_wp_text]<\/p>\n<h3 style=\"text-align: justify;\">Conv\u00eanios com Laborat\u00f3rios (PBM&#8217;s)<\/h3>\n<p>&nbsp;<\/p>\n<p style=\"text-align: justify;\">Na Zampar Farma voc\u00ea tem descontos diferenciados em mais de 250 medicamentos, que v\u00e3o at\u00e9 95%. Voc\u00ea faz um cadastro no laborat\u00f3rio e ganha descontos aqui na Zampar! Confira alguns destes programas de desconto do laborat\u00f3rio:<\/p>\n<p style=\"text-align: justify;\">Consulte um de nossos atendentes e saiba se o medicamento que voc\u00ea toma tem descontos exclusivos do laborat\u00f3rio.<\/p>\n<p>[\/vc_wp_text][\/vc_column][\/vc_row][vc_row][vc_column][vc_gallery type=&#8221;image_grid&#8221; images=&#8221;3201,3202,3203,3204,3205,3206,3207,3208,3209,3210,3211,3212,3213,3214,3215,3216,3217,3218,3219,3220,3221,3222,3223,3224,3225,3226,3227,3228,3229,3230&#8243;][\/vc_column][\/vc_row]<\/p>\n","protected":false},"excerpt":{"rendered":"<p>[vc_row][vc_column][vc_column_text] [\/vc_column_text][vc_btn title=&#8221;CLIQUE PARA BUSCAR MEDICAMENTOS PBM&#8217;S&#8221; align=&#8221;left&#8221; i_icon_fontawesome=&#8221;fa fa-flask&#8221; link=&#8221;url:http%3A%2F%2Fzamparfarma.com.br%2FSite%2Fbusca-medicamentos-convenio-pbms%2F||target:%20_blank&#8221; add_icon=&#8221;true&#8221;][vc_wp_text] Conv\u00eanios com Laborat\u00f3rios (PBM&#8217;s) &nbsp; Na Zampar Farma voc\u00ea tem descontos diferenciados em mais de 250 medicamentos, que v\u00e3o at\u00e9 95%. Voc\u00ea faz um cadastro no laborat\u00f3rio e ganha descontos aqui na Zampar! Confira alguns destes programas de desconto do laborat\u00f3rio: Consulte um<\/p>\n","protected":false},"author":1,"featured_media":0,"parent":0,"menu_order":0,"comment_status":"closed","ping_status":"closed","template":"","meta":{"_joinchat":[]},"_links":{"self":[{"href":"https:\/\/zamparfarma.com.br\/Site\/wp-json\/wp\/v2\/pages\/3150"}],"collection":[{"href":"https:\/\/zamparfarma.com.br\/Site\/wp-json\/wp\/v2\/pages"}],"about":[{"href":"https:\/\/zamparfarma.com.br\/Site\/wp-json\/wp\/v2\/types\/page"}],"author":[{"embeddable":true,"href":"https:\/\/zamparfarma.com.br\/Site\/wp-json\/wp\/v2\/users\/1"}],"replies":[{"embeddable":true,"href":"https:\/\/zamparfarma.com.br\/Site\/wp-json\/wp\/v2\/comments?post=3150"}],"version-history":[{"count":22,"href":"https:\/\/zamparfarma.com.br\/Site\/wp-json\/wp\/v2\/pages\/3150\/revisions"}],"predecessor-version":[{"id":3344,"href":"https:\/\/zamparfarma.com.br\/Site\/wp-json\/wp\/v2\/pages\/3150\/revisions\/3344"}],"wp:attachment":[{"href":"https:\/\/zamparfarma.com.br\/Site\/wp-json\/wp\/v2\/media?parent=3150"}],"curies":[{"name":"wp","href":"https:\/\/api.w.org\/{rel}","templated":true}]}}