{"id":3154,"date":"2017-03-20T23:26:13","date_gmt":"2017-03-20T23:26:13","guid":{"rendered":"http:\/\/zamparfarma.com.br\/Site\/?page_id=3154"},"modified":"2017-04-08T19:36:49","modified_gmt":"2017-04-08T19:36:49","slug":"farmacia-popular","status":"publish","type":"page","link":"https:\/\/zamparfarma.com.br\/Site\/farmacia-popular\/","title":{"rendered":"Farm\u00e1cia Popular"},"content":{"rendered":"<p>[vc_row][vc_column][vc_column_text]<\/p>\n<p style=\"text-align: center;\">\n\t\t<!-- MasterSlider -->\n\t\t<div id=\"P_MS69e891e7c24ef\" class=\"master-slider-parent ms-parent-id-4\"  >\n\n\t\t\t\n\t\t\t<!-- MasterSlider Main -->\n\t\t\t<div id=\"MS69e891e7c24ef\" class=\"master-slider ms-skin-light-3\" >\n\t\t\t\t \t\t\t\t \n\t\t\t<div  class=\"ms-slide\" data-delay=\"4\" data-fill-mode=\"fill\"  >\n\t\t\t\t\t<img src=\"https:\/\/zamparfarma.com.br\/Site\/wp-content\/plugins\/masterslider\/public\/assets\/css\/blank.gif\" alt=\"\" title=\"\" data-src=\"https:\/\/zamparfarma.com.br\/Site\/wp-content\/uploads\/2016\/06\/chiro-7g-02-slider-2-930x150.jpg\" \/>\n\n\t\t\t\t\t<div  class=\"ms-layer  msp-cn-4-15\" style=\"\"   data-effect=\"t(true,150,n,n,n,n,n,n,n,n,n,n,n,n,n)\" data-duration=\"1637\" data-delay=\"1387\" data-ease=\"easeOutExpo\"                data-offset-x=\"-309\" data-offset-y=\"36\" data-origin=\"bc\" data-position=\"normal\" >\n\u00c9 MUITO IMPORTANTE...<\/div>\n\n\t\t\t\t\t<div  class=\"ms-layer  msp-cn-4-1\" style=\"\"   data-effect=\"t(true,n,-250,n,n,n,n,n,n,n,n,-25,n,n,n)\" data-duration=\"3000\"  data-ease=\"easeOutBack\"                data-offset-x=\"-349\" data-offset-y=\"19\" data-origin=\"tc\" data-position=\"normal\" >\nSUA SA\u00daDE...<\/div>\n\n\n\t\t\t\t<\/div>\n\t\t\t<div  class=\"ms-slide\" data-delay=\"4\" data-fill-mode=\"fill\"  >\n\t\t\t\t\t<img src=\"https:\/\/zamparfarma.com.br\/Site\/wp-content\/plugins\/masterslider\/public\/assets\/css\/blank.gif\" alt=\"\" title=\"\" data-src=\"https:\/\/zamparfarma.com.br\/Site\/wp-content\/uploads\/2016\/06\/bg.slider-medicare-930x150.png\" \/>\n\n\t\t\t\t\t<div  class=\"ms-layer  msp-cn-4-10\" style=\"\"   data-effect=\"t(true,n,n,n,n,n,n,n,1.5,1.5,n,n,n,n,n)\"  data-delay=\"1312\" data-ease=\"easeOutBack\"                data-offset-x=\"95\" data-offset-y=\"4\" data-origin=\"tl\" data-position=\"normal\" >\nQUALIDADE<\/div>\n\n\t\t\t\t\t<div  class=\"ms-layer  msp-cn-4-14\" style=\"\"   data-effect=\"t(true,n,n,n,n,n,n,n,1.5,1.5,n,n,n,n,n)\"  data-delay=\"1525\" data-ease=\"easeOutBack\"                data-offset-x=\"95\" data-offset-y=\"37\" data-origin=\"tl\" data-position=\"normal\" >\nDE VIDA<\/div>\n\n\t\t\t\t\t<div  class=\"ms-layer  msp-cn-4-17\" style=\"\"    data-duration=\"837\" data-delay=\"1962\" data-ease=\"easeOutQuint\"                data-offset-x=\"112\" data-offset-y=\"84\" data-origin=\"tl\" data-position=\"normal\" >\n\u00c9 O QUE PROCURAMOS...<\/div>\n\n\n\t\t\t\t<\/div>\n\t\t\t<div  class=\"ms-slide\" data-delay=\"4\" data-fill-mode=\"fill\"  >\n\t\t\t\t\t<img src=\"https:\/\/zamparfarma.com.br\/Site\/wp-content\/plugins\/masterslider\/public\/assets\/css\/blank.gif\" alt=\"\" title=\"\" data-src=\"https:\/\/zamparfarma.com.br\/Site\/wp-content\/uploads\/2016\/06\/oldcouple_slider-1110x406-930x150.jpg\" \/>\n\n\t\t\t\t\t<div  class=\"ms-layer  msp-cn-4-20\" style=\"\"   data-effect=\"t(true,150,n,n,n,n,n,n,n,n,n,n,n,n,n)\" data-duration=\"1450\" data-delay=\"1387\" data-ease=\"easeOutExpo\"                data-offset-x=\"481\" data-offset-y=\"90\" data-origin=\"tl\" data-position=\"normal\" >\nDOS MOMENTOS FELIZES POR MAIS TEMPO.<\/div>\n\n\t\t\t\t\t<div  class=\"ms-layer  msp-cn-4-19\" style=\"\"   data-effect=\"t(true,n,n,-500,n,n,n,n,n,n,n,n,n,n,n)\" data-duration=\"2825\"  data-ease=\"easeOutExpo\"                data-offset-x=\"10\" data-offset-y=\"11\" data-origin=\"tl\" data-position=\"normal\" >\nPARA QUE POSSAMOS DESFRUTAR...<\/div>\n\n\n\t\t\t\t<\/div>\n\t\t\t<div  class=\"ms-slide\" data-delay=\"4\" data-fill-mode=\"fill\"  >\n\t\t\t\t\t<img src=\"https:\/\/zamparfarma.com.br\/Site\/wp-content\/plugins\/masterslider\/public\/assets\/css\/blank.gif\" alt=\"\" title=\"\" data-src=\"https:\/\/zamparfarma.com.br\/Site\/wp-content\/uploads\/2016\/07\/good-health-930x150.jpg\" \/>\n\n\t\t\t\t\t<div  class=\"ms-layer  msp-cn-4-22\" style=\"\"   data-effect=\"t(true,n,n,-500,n,n,n,n,n,n,n,n,n,n,n)\" data-duration=\"1837\" data-delay=\"2137\" data-ease=\"easeOutExpo\"                data-offset-x=\"56\" data-offset-y=\"70\" data-origin=\"tl\" data-position=\"normal\" >\nQUE DESEJAMOS PARA VOC\u00ca!<\/div>\n\n\t\t\t\t\t<div  class=\"ms-layer  msp-cn-4-25\" style=\"\"   data-effect=\"t(true,n,n,-500,n,n,n,n,n,n,n,n,n,n,n)\" data-duration=\"2787\"  data-ease=\"easeOutExpo\"                data-offset-x=\"55\" data-offset-y=\"11\" data-origin=\"tl\" data-position=\"normal\" >\n\u00c9 EXATAMENTE ISSO<\/div>\n\n\n\t\t\t\t<\/div>\n\n\t\t\t<\/div>\n\t\t\t<!-- END MasterSlider Main -->\n\n\t\t\t \n\t\t<\/div>\n\t\t<!-- END MasterSlider -->\n\n\t\t<script>\n\t\t( window.MSReady = window.MSReady || [] ).push( function( $ ) {\n\n\t\t\t\"use strict\";\n\t\t\tvar masterslider_24ef = new MasterSlider();\n\n\t\t\t\/\/ slider controls\n\t\t\tmasterslider_24ef.control('arrows'     ,{ autohide:true, overVideo:true  });\n\t\t\tmasterslider_24ef.control('bullets'    ,{ autohide:true, overVideo:true, dir:'h', align:'bottom', space:5 , margin:10  });\n\t\t\tmasterslider_24ef.control('circletimer',{ autohide:false, overVideo:true, color:'#272727', radius:10, stroke:2   });\n\t\t\tmasterslider_24ef.control('timebar'    ,{ autohide:false, overVideo:true, align:'bottom', color:'#4c4c4c'  , width:2 });\n\t\t\t\/\/ slider setup\n\t\t\tmasterslider_24ef.setup(\"MS69e891e7c24ef\", {\n\t\t\t\twidth           : 930,\n\t\t\t\theight          : 150,\n\t\t\t\tminHeight       : 0,\n\t\t\t\tspace           : 0,\n\t\t\t\tstart           : 1,\n\t\t\t\tgrabCursor      : true,\n\t\t\t\tswipe           : true,\n\t\t\t\tmouse           : true,\n\t\t\t\tkeyboard        : false,\n\t\t\t\tlayout          : \"fullwidth\",\n\t\t\t\twheel           : false,\n\t\t\t\tautoplay        : true,\n\t\t\t\tinstantStartLayers:false,\n\t\t\t\tloop            : true,\n\t\t\t\tshuffle         : false,\n\t\t\t\tpreload         : 2,\n\t\t\t\theightLimit     : true,\n\t\t\t\tautoHeight      : false,\n\t\t\t\tsmoothHeight    : true,\n\t\t\t\tendPause        : false,\n\t\t\t\toverPause       : false,\n\t\t\t\tfillMode        : \"fill\",\n\t\t\t\tcenterControls  : false,\n\t\t\t\tstartOnAppear   : false,\n\t\t\t\tlayersMode      : \"center\",\n\t\t\t\tautofillTarget  : \"\",\n\t\t\t\thideLayers      : false,\n\t\t\t\tfullscreenMargin: 0,\n\t\t\t\tspeed           : 80,\n\t\t\t\tdir             : \"h\",\n\t\t\t\tparallaxMode    : 'swipe',\n\t\t\t\tview            : \"fade\"\n\t\t\t});\n\n\t\t\t\n\t\t\t$(\"head\").append( \"<link rel='stylesheet' id='ms-fonts'  href='\/\/fonts.googleapis.com\/css?family=Lato:300' type='text\/css' media='all' \/>\" );\n\n\t\t\twindow.masterslider_instances = window.masterslider_instances || [];\n\t\t\twindow.masterslider_instances.push( masterslider_24ef );\n\t\t});\n\t\t<\/script>\n\n<\/p>\n<p>[\/vc_column_text][vc_wp_text]<\/p>\n<h3>Farm\u00e1cia Popular<\/h3>\n<p>&nbsp;<\/p>\n<p>Em todas as unidades da Zampar Farma tem o Programa Aqui tem Farm\u00e1cia Popular do Governo Federal, criado em 2004, que apresenta medicamentos gratuitos ou com descontos de at\u00e9 90%, para facilitar a ades\u00e3o e tratamento do paciente.<\/p>\n<p>Fazem parte do Programa, medicamentos de uso cont\u00ednuo para hipertens\u00e3o, diabetes, colesterol, asma, rinite, contraceptivos, al\u00e9m de fraldas geri\u00e1tricas para incontin\u00eancia urin\u00e1ria.<\/p>\n<p>Traga sua receita m\u00e9dica, documento com foto e CPF, consulte um de nossos atendentes e saiba se os medicamentos que voc\u00ea utiliza est\u00e3o no programa.[\/vc_wp_text][vc_single_image image=&#8221;3162&#8243; img_size=&#8221;medium&#8221; alignment=&#8221;center&#8221;][\/vc_column][\/vc_row]<\/p>\n","protected":false},"excerpt":{"rendered":"<p>[vc_row][vc_column][vc_column_text] [\/vc_column_text][vc_wp_text] Farm\u00e1cia Popular &nbsp; Em todas as unidades da Zampar Farma tem o Programa Aqui tem Farm\u00e1cia Popular do Governo Federal, criado em 2004, que apresenta medicamentos gratuitos ou com descontos de at\u00e9 90%, para facilitar a ades\u00e3o e tratamento do paciente. Fazem parte do Programa, medicamentos de uso cont\u00ednuo para hipertens\u00e3o, diabetes, colesterol,<\/p>\n","protected":false},"author":1,"featured_media":0,"parent":0,"menu_order":0,"comment_status":"closed","ping_status":"closed","template":"","meta":{"_joinchat":[]},"_links":{"self":[{"href":"https:\/\/zamparfarma.com.br\/Site\/wp-json\/wp\/v2\/pages\/3154"}],"collection":[{"href":"https:\/\/zamparfarma.com.br\/Site\/wp-json\/wp\/v2\/pages"}],"about":[{"href":"https:\/\/zamparfarma.com.br\/Site\/wp-json\/wp\/v2\/types\/page"}],"author":[{"embeddable":true,"href":"https:\/\/zamparfarma.com.br\/Site\/wp-json\/wp\/v2\/users\/1"}],"replies":[{"embeddable":true,"href":"https:\/\/zamparfarma.com.br\/Site\/wp-json\/wp\/v2\/comments?post=3154"}],"version-history":[{"count":6,"href":"https:\/\/zamparfarma.com.br\/Site\/wp-json\/wp\/v2\/pages\/3154\/revisions"}],"predecessor-version":[{"id":3182,"href":"https:\/\/zamparfarma.com.br\/Site\/wp-json\/wp\/v2\/pages\/3154\/revisions\/3182"}],"wp:attachment":[{"href":"https:\/\/zamparfarma.com.br\/Site\/wp-json\/wp\/v2\/media?parent=3154"}],"curies":[{"name":"wp","href":"https:\/\/api.w.org\/{rel}","templated":true}]}}